{"id":528,"date":"2017-10-23T14:59:50","date_gmt":"2017-10-23T14:59:50","guid":{"rendered":"http:\/\/bebo-kassel.de\/?page_id=528"},"modified":"2021-05-29T10:06:14","modified_gmt":"2021-05-29T10:06:14","slug":"bebo-fuer-den-mann","status":"publish","type":"page","link":"https:\/\/bebo-kassel.de\/?page_id=528","title":{"rendered":"Bebo f\u00fcr den Mann"},"content":{"rendered":"<h2 style=\"text-align: center;\"><a href=\"https:\/\/bebo-kassel.de\/wp-content\/uploads\/2018\/04\/BeBo_Flyer_M\u00e4nner_AT_2013_final_Seite_1-2-e1523445006138.jpg\"><img loading=\"lazy\" decoding=\"async\" class=\"aligncenter size-large wp-image-557\" src=\"https:\/\/bebo-kassel.de\/wp-content\/uploads\/2018\/04\/BeBo_Flyer_M\u00e4nner_AT_2013_final_Seite_1-2-940x1024.jpg\" alt=\"BeBo_Flyer_M\u00e4nner_AT_2013_final_Seite_1 (2)\" width=\"627\" height=\"682\" \/><\/a><\/h2>\n<h2 style=\"text-align: center;\">Viele besonders j\u00fcngere M\u00e4nner leben heute in sehr guter Lebensqualit\u00e4t und strotzen vor Gesundheit<br \/>\n-einfach so-<br \/>\nwie &#8222;Hans Im Gl\u00fcck&#8220;.<\/h2>\n<h2 style=\"text-align: center;\">Doch das Leben hat bekannterma\u00dfen seine Klippen<br \/>\n-Krankheiten, Schicksalsschl\u00e4ge und das \u00c4lterwerden erschweren vieles:<\/h2>\n<h2 style=\"text-align: center;\">R\u00fcckenschmerzen, Inkontinenz, Erektionsst\u00f6rungen k\u00f6nnen die Folgen sein.<br \/>\nDie Lebensqualit\u00e4t f\u00e4llt mit der Zeit keinem einfach zu, sondern es muss aktiv etwas daf\u00fcr getan werden.<\/h2>\n<h2 style=\"text-align: center;\">Erfahren Sie Ihren Beckenboden als die versteckte Kraft im Mann!<\/h2>\n<hr noshade=\"noshade\" size=\"10;\/\" \/>\n<h3 style=\"text-align: center;\">Kursziel:<\/h3>\n<h3 style=\"text-align: center;\">Im Mittelpunkt des Bebo\u00ae Kurses stehen neben fundierter theoretischer Wissensvermittlung besonders<br \/>\ndas gezielte Kennenlernen, Kr\u00e4ftigen und Entspannen ihres Beckenbodens.<\/h3>\n<h3 style=\"text-align: center;\">Kosten:<\/h3>\n<h3 style=\"text-align: center;\">Der\u00a0 Kurs beinhaltet 8 Einheiten \u00e0 90 Minuten. die Kosten entnehmen Sie bitte dem<br \/>\naktuellen Kursprogramm. Der Kurs kann nach \u00a7 20 Abs. 1 SGB V von den Gesetzlichen<br \/>\nKrankenkassen bezuschusst werden.<\/h3>\n<h3 style=\"text-align: center;\">Anmeldung:<\/h3>\n<h3 style=\"text-align: center;\">F\u00fchlen Sie sich angesprochen und m\u00f6chten an einem\u00a0Bebo\u00ae Kurs teilnehmen?<br \/>\nWenn ja, rufen Sie mich bitte an!<\/p>\n<p>Auch Einzeltherapien sind m\u00f6glich.<br \/>\nVereinbaren Sie einen Termin!<\/h3>\n<hr noshade=\"noshade\" size=\"10;\/\" \/>\n<h2 style=\"text-align: center;\">Ihre Ansprechpartnerin im Raum Kassel:<\/h2>\n<h1 style=\"text-align: center;\"><a href=\"https:\/\/bebo-kassel.de\/wp-content\/uploads\/2012\/01\/Carina_neu.jpg\"><img loading=\"lazy\" decoding=\"async\" class=\"aligncenter size-large wp-image-418\" src=\"https:\/\/bebo-kassel.de\/wp-content\/uploads\/2012\/01\/Carina_neu-1024x679.jpg\" alt=\"Carina_neu\" width=\"512\" height=\"340\" srcset=\"https:\/\/bebo-kassel.de\/wp-content\/uploads\/2012\/01\/Carina_neu-1024x679.jpg 1024w, https:\/\/bebo-kassel.de\/wp-content\/uploads\/2012\/01\/Carina_neu-300x198.jpg 300w\" sizes=\"auto, (max-width: 512px) 100vw, 512px\" \/><\/a><\/h1>\n<h1><span style=\"color: #000099;\">Carina Kaiser:<\/span><\/h1>\n<h2 style=\"text-align: left;\"><span style=\"color: #000000;\"> &#8211;<\/span><\/h2>\n<h2>Physiotherapeutin<\/h2>\n<h2>-Dipl. BeBo \u00ae\u00a0 -Kursleiterin und Ausbilderin<br \/>\n-Diplomierte Kursleiterin f\u00fcr R\u00fcckenschule, Nordic-Walking,<br \/>\nFaszientraining und Progressive Muskelentspannung<\/h2>\n<div>\n<hr noshade=\"noshade\" size=\"10;\/\" \/>\n<h1><span style=\"color: #000099;\">Der Kursraum in Ahnatal:<\/span><\/h1>\n<p><a href=\"https:\/\/bebo-kassel.de\/wp-content\/uploads\/2014\/12\/IMG_2295.jpg\"><img loading=\"lazy\" decoding=\"async\" class=\"aligncenter size-large wp-image-439\" src=\"https:\/\/bebo-kassel.de\/wp-content\/uploads\/2014\/12\/IMG_2295-1024x258.jpg\" alt=\"IMG_2295\" width=\"800\" height=\"200\" \/><\/a><\/p>\n<hr noshade=\"noshade\" size=\"10;\/\" \/>\n<\/div>\n","protected":false},"excerpt":{"rendered":"<p>\nViele besonders j\u00fcngere M\u00e4nner leben heute in sehr guter Lebensqualit\u00e4t und strotzen vor Gesundheit<br \/>\n-einfach so-<br \/>\nwie &#8222;Hans Im Gl\u00fcck&#8220;.<br \/>\nDoch das Leben hat bekannterma\u00dfen seine Klippen<br \/>\n-Krankheiten, Schicksalsschl\u00e4ge und das \u00c4lterwerden erschweren vieles:<br \/>\nR\u00fcckenschmerzen, Inkontinenz, Erektionsst\u00f6rungen k\u00f6nnen die Folgen sein.<br \/>\nDie Lebensqualit\u00e4t f\u00e4llt mit der Zeit keinem einfach zu, sondern es muss aktiv etwas daf\u00fcr getan werden.<br \/>\nErfahren Sie Ihren Beckenboden als die versteckte Kraft im Mann!<\/p>\n<p>Kursziel:<br \/>\nIm Mittelpunkt des Bebo\u00ae Kurses stehen neben fundierter theoretischer &#8230;<\/p>\n","protected":false},"author":1,"featured_media":0,"parent":0,"menu_order":0,"comment_status":"closed","ping_status":"closed","template":"template-leftsidebar.php","meta":{"footnotes":""},"class_list":["post-528","page","type-page","status-publish","hentry"],"_links":{"self":[{"href":"https:\/\/bebo-kassel.de\/index.php?rest_route=\/wp\/v2\/pages\/528","targetHints":{"allow":["GET"]}}],"collection":[{"href":"https:\/\/bebo-kassel.de\/index.php?rest_route=\/wp\/v2\/pages"}],"about":[{"href":"https:\/\/bebo-kassel.de\/index.php?rest_route=\/wp\/v2\/types\/page"}],"author":[{"embeddable":true,"href":"https:\/\/bebo-kassel.de\/index.php?rest_route=\/wp\/v2\/users\/1"}],"replies":[{"embeddable":true,"href":"https:\/\/bebo-kassel.de\/index.php?rest_route=%2Fwp%2Fv2%2Fcomments&post=528"}],"version-history":[{"count":8,"href":"https:\/\/bebo-kassel.de\/index.php?rest_route=\/wp\/v2\/pages\/528\/revisions"}],"predecessor-version":[{"id":652,"href":"https:\/\/bebo-kassel.de\/index.php?rest_route=\/wp\/v2\/pages\/528\/revisions\/652"}],"wp:attachment":[{"href":"https:\/\/bebo-kassel.de\/index.php?rest_route=%2Fwp%2Fv2%2Fmedia&parent=528"}],"curies":[{"name":"wp","href":"https:\/\/api.w.org\/{rel}","templated":true}]}}