{"id":532,"date":"2017-10-23T15:58:35","date_gmt":"2017-10-23T15:58:35","guid":{"rendered":"http:\/\/bebo-kassel.de\/?page_id=532"},"modified":"2021-06-21T12:47:59","modified_gmt":"2021-06-21T12:47:59","slug":"bebo-fuer-die-frau","status":"publish","type":"page","link":"https:\/\/bebo-kassel.de\/?page_id=532","title":{"rendered":"Bebo f\u00fcr die Frau"},"content":{"rendered":"<p style=\"text-align: center;\"><a href=\"https:\/\/bebo-kassel.de\/wp-content\/uploads\/2018\/04\/BeBo_Flyer-Frau_DE_2012_01_final_Seite_1-2-e1523444967616.jpg\"><img loading=\"lazy\" decoding=\"async\" class=\"aligncenter size-large wp-image-558\" src=\"https:\/\/bebo-kassel.de\/wp-content\/uploads\/2018\/04\/BeBo_Flyer-Frau_DE_2012_01_final_Seite_1-2-891x1024.jpg\" alt=\"BeBo_Flyer-Frau_DE_2012_01_final_Seite_1 (2)\" width=\"627\" height=\"682\" \/><\/a><\/p>\n<h2>Ihre Ansprechpartnerin im Raum Kassel:<\/h2>\n<h1 style=\"text-align: center;\"><a href=\"https:\/\/bebo-kassel.de\/wp-content\/uploads\/2012\/01\/Carina_neu.jpg\"><img loading=\"lazy\" decoding=\"async\" class=\"aligncenter size-large wp-image-418\" src=\"https:\/\/bebo-kassel.de\/wp-content\/uploads\/2012\/01\/Carina_neu-1024x679.jpg\" alt=\"Carina_neu\" width=\"512\" height=\"340\" srcset=\"https:\/\/bebo-kassel.de\/wp-content\/uploads\/2012\/01\/Carina_neu-1024x679.jpg 1024w, https:\/\/bebo-kassel.de\/wp-content\/uploads\/2012\/01\/Carina_neu-300x198.jpg 300w\" sizes=\"auto, (max-width: 512px) 100vw, 512px\" \/><\/a><\/h1>\n<h1><span style=\"color: #000099;\">Carina Kaiser:<br \/><\/span><\/h1>\n<h2 style=\"text-align: left;\"><span style=\"color: #000000;\"><br \/>&#8211;<\/span>Physiotherapeutin<\/h2>\n<h2>-Dipl. BeBo \u00ae\u00a0 -Kursleiterin und Ausbilderin<br \/>-Diplomierte Kursleiterin f\u00fcr R\u00fcckenschule, Nordic-Walking,<br \/>Faszientraining und Progressive Muskelentspannung<\/h2>\n<div>\n<h1><span style=\"color: #000000;\">Die tragende Mitte unseres K\u00f6rpers<\/span><\/h1>\n<h2><span style=\"color: #000000;\"> Kennen Sie Ihren Beckenboden? Der Beckenboden ist f\u00fcr die meisten Frauen ein eher unbekanntes K\u00f6rpergebiet, hat aber einen ungeheuren Einfluss auf ihr Leben. Wussten Sie, dass der Beckenboden mitverantwortlich ist f\u00fcr unser K\u00f6rpergef\u00fchl, unsere Haltung, unsere Figur und damit in erheblichen Ma\u00dfe auch f\u00fcr unser inneres und \u00e4u\u00dferes Erscheinungsbild? Wenn der Beckenboden zu wenig Kraft hat oder zu nachgiebig ist &#8211; wodurch auch immer -, kommt es h\u00e4ufig zu Senkungen der Geb\u00e4rmutter oder der Scheidenw\u00e4nde. Auch die Schliessmuskeln von Harnr\u00f6hre und After k\u00f6nnen mitbetroffen sein und dadurch ihre Funktion nicht mehr richtig aus\u00fcben. So ist Inkontinenz &#8211; unfreiwilliger Harn- oder Stuhlabgang &#8211; eines der Hauptsymptome eines schlaffen, kraftlosen Beckenbodens. Mit gezielter Gymnastik l\u00e4sst er sich so gut st\u00e4rken, dass die Beschwerden verschwinden oder sich zumindest erheblich verbessern. Lassen Sie es aber erst gar nicht so weit kommen! Integrieren Sie ihren Beckenboden in ihren Alltag. Lernen Sie ihn bewusst anzuspannen und ihn vor unn\u00f6tigen Belastungen zu sch\u00fctzen! Erfahren Sie ihren Beckenboden als tragende Mitte ihres K\u00f6rpers.<\/span><\/h2>\n<hr noshade=\"noshade\" size=\"10;\/\" \/>\n<h1><span style=\"color: #000099;\">Der Kursraum in Ahnatal:<\/span><\/h1>\n<p><a href=\"https:\/\/bebo-kassel.de\/wp-content\/uploads\/2014\/12\/IMG_2295.jpg\"><img loading=\"lazy\" decoding=\"async\" class=\"aligncenter size-large wp-image-439\" src=\"https:\/\/bebo-kassel.de\/wp-content\/uploads\/2014\/12\/IMG_2295-1024x258.jpg\" alt=\"IMG_2295\" width=\"800\" height=\"200\" \/><\/a><\/p>\n<h1><span style=\"color: #000099;\">Inhalt des Kurses:<\/span><\/h1>\n<div>\n<h2>Was beinhaltet ein BeBo \u00ae Kurs ?<\/h2>\n<\/div>\n<div>\n<div>\n<p>Das BeBo Konzept beinhaltet alle Aspekte, damit das Ziel \u2013 ein funktionst\u00fcchtiger Beckenboden \u2013 erreicht werden kann.Im BeBo Kurs steht neben fundierter theoretischer Wissensvermittlung besonders das gezielte Kennen lernen, Kr\u00e4ftigen und Entspannen des Beckenbodens im Mittelpunkt.Sie lernen<\/p>\n<ul>\n<li>die Anatomie (3 Muskelschichten),<\/li>\n<li>den Ablauf der Miktion (Zyklus des Wasserl\u00f6sens),<\/li>\n<li>die \u00dcbungen bei Senkungsproblemen,<\/li>\n<li>den Zusammenhang vom Zwerchfell mit dem Beckenboden,<\/li>\n<li>den Zusammenhang vom Beckenboden mit der K\u00f6rperhaltung kennen.<\/li>\n<\/ul>\n<p>Und vor allem lernen Sie Ihren Beckenboden in den Alltag zu integrieren und wie Sie ihn vor Belastungen sch\u00fctzen. Die vielen Tipps helfen Ihnen, den Alltag Beckenboden schonend zu bew\u00e4ltigen.<\/p>\n<\/div>\n<\/div>\n<\/div>\n<hr noshade=\"noshade\" size=\"10;\/\" \/>\n<div class=\"n2_ss_slider_publish__option_code\" dir=\"ltr\" data-mode=\"id\"><\/div>\n<hr noshade=\"noshade\" size=\"10;\/\" \/>\n","protected":false},"excerpt":{"rendered":"<p>\nIhre Ansprechpartnerin im Raum Kassel:<\/p>\n<p>Carina Kaiser:<br \/>\n&#8211;Physiotherapeutin<br \/>\n-Dipl. BeBo \u00ae\u00a0 -Kursleiterin und Ausbilderin-Diplomierte Kursleiterin f\u00fcr R\u00fcckenschule, Nordic-Walking,Faszientraining und Progressive Muskelentspannung<\/p>\n<p>Die tragende Mitte unseres K\u00f6rpers<br \/>\n Kennen Sie Ihren Beckenboden? Der Beckenboden ist f\u00fcr die meisten Frauen ein eher unbekanntes K\u00f6rpergebiet, hat aber einen ungeheuren Einfluss auf ihr Leben. Wussten Sie, dass der Beckenboden mitverantwortlich ist f\u00fcr unser K\u00f6rpergef\u00fchl, unsere Haltung, unsere Figur und damit in erheblichen Ma\u00dfe auch f\u00fcr unser inneres und \u00e4u\u00dferes Erscheinungsbild? Wenn &#8230;<\/p>\n","protected":false},"author":1,"featured_media":0,"parent":0,"menu_order":0,"comment_status":"closed","ping_status":"closed","template":"template-leftsidebar.php","meta":{"footnotes":""},"class_list":["post-532","page","type-page","status-publish","hentry"],"_links":{"self":[{"href":"https:\/\/bebo-kassel.de\/index.php?rest_route=\/wp\/v2\/pages\/532","targetHints":{"allow":["GET"]}}],"collection":[{"href":"https:\/\/bebo-kassel.de\/index.php?rest_route=\/wp\/v2\/pages"}],"about":[{"href":"https:\/\/bebo-kassel.de\/index.php?rest_route=\/wp\/v2\/types\/page"}],"author":[{"embeddable":true,"href":"https:\/\/bebo-kassel.de\/index.php?rest_route=\/wp\/v2\/users\/1"}],"replies":[{"embeddable":true,"href":"https:\/\/bebo-kassel.de\/index.php?rest_route=%2Fwp%2Fv2%2Fcomments&post=532"}],"version-history":[{"count":12,"href":"https:\/\/bebo-kassel.de\/index.php?rest_route=\/wp\/v2\/pages\/532\/revisions"}],"predecessor-version":[{"id":675,"href":"https:\/\/bebo-kassel.de\/index.php?rest_route=\/wp\/v2\/pages\/532\/revisions\/675"}],"wp:attachment":[{"href":"https:\/\/bebo-kassel.de\/index.php?rest_route=%2Fwp%2Fv2%2Fmedia&parent=532"}],"curies":[{"name":"wp","href":"https:\/\/api.w.org\/{rel}","templated":true}]}}